{"id":43924,"date":"2021-09-22T05:48:22","date_gmt":"2021-09-22T02:48:22","guid":{"rendered":"https:\/\/s1.umfcluj.cupo.ro\/cercetare\/"},"modified":"2024-04-30T11:10:45","modified_gmt":"2024-04-30T08:10:45","slug":"recherche","status":"publish","type":"page","link":"https:\/\/s1.umfcluj.cupo.ro\/fr\/recherche\/","title":{"rendered":"Recherche"},"content":{"rendered":"<p>La recherche scientifique est l&rsquo;une des missions assum\u00e9es par la Charte de l&rsquo;Universit\u00e9 de M\u00e9decine et de Pharmacie Iuliu Ha\u021bieganu.<\/p>\n<p>Des activit\u00e9s de recherche sont men\u00e9es dans tous les d\u00e9partements et services de notre universit\u00e9, le soutien financier \u00e9tant assur\u00e9, dans une large mesure, par des bourses ou des contrats de recherche. L&rsquo;effort exceptionnel du corps enseignant et le cadre institutionnel am\u00e9lior\u00e9 par la cr\u00e9ation du d\u00e9partement de recherche et d\u00e9veloppement, ainsi que l&rsquo;offre plus g\u00e9n\u00e9reuse de programmes de financement, ont \u00e9t\u00e9 les conditions qui ont permis \u00e0 notre universit\u00e9 de se placer en t\u00eate des universit\u00e9s de m\u00e9decine de Roumanie en termes de nombre et de valeur des subventions de recherche obtenues par concours.<\/p>\n<p>Ces derni\u00e8res ann\u00e9es, la strat\u00e9gie nationale en mati\u00e8re de recherche scientifique a permis de structurer des centres d&rsquo;excellence et des centres de recherche accr\u00e9dit\u00e9s par le CNCSIS. L&rsquo;universit\u00e9 dispose actuellement de deux centres de recherche d&rsquo;excellence en m\u00e9decine innovante et performante et de 15 centres de recherche.<\/p>\n<p>Le d\u00e9veloppement des activit\u00e9s de recherche, de d\u00e9veloppement et d&rsquo;innovation est vital pour notre universit\u00e9 qui cherche \u00e0 maintenir son statut d&rsquo;universit\u00e9 de recherche et d&rsquo;enseignement de pointe. Pour atteindre ce but, nous poursuivrons avec pers\u00e9v\u00e9rance un certain nombre d&rsquo;objectifs strat\u00e9giques, tels que l&rsquo;accroissement de la visibilit\u00e9 et de la reconnaissance scientifique, au niveau national et surtout international, l&rsquo;augmentation du degr\u00e9 d&rsquo;interconnexion internationale et d&rsquo;int\u00e9gration dans les r\u00e9seaux de recherche d&rsquo;excellence, le d\u00e9veloppement constant et soutenu du cadre n\u00e9cessaire \u00e0 la conduite de la recherche scientifique, la diversification des sources de financement de l&rsquo;activit\u00e9 de recherche, la stimulation de l&rsquo;innovation.<\/p>\n","protected":false},"excerpt":{"rendered":"<p>La recherche scientifique est l&rsquo;une des missions assum\u00e9es par la Charte de l&rsquo;Universit\u00e9 de M\u00e9decine et de Pharmacie Iuliu Ha\u021bieganu. Des activit\u00e9s de recherche sont men\u00e9es dans tous les d\u00e9partements et services de notre universit\u00e9, le soutien financier \u00e9tant assur\u00e9, dans une large mesure, par des bourses ou des contrats de recherche. L&rsquo;effort exceptionnel du [&hellip;]<\/p>\n","protected":false},"author":1,"featured_media":33709,"parent":0,"menu_order":3,"comment_status":"closed","ping_status":"closed","template":"","meta":{"_acf_changed":false,"footnotes":""},"class_list":["post-43924","page","type-page","status-publish","has-post-thumbnail","hentry"],"acf":[],"yoast_head":"<!-- This site is optimized with the Yoast SEO plugin v26.2 - https:\/\/yoast.com\/wordpress\/plugins\/seo\/ -->\n<title>Recherche - UMF Cluj<\/title>\n<meta name=\"robots\" content=\"noindex, follow, max-snippet:-1, max-image-preview:large, max-video-preview:-1\" \/>\n<meta property=\"og:locale\" content=\"fr_FR\" \/>\n<meta property=\"og:type\" content=\"article\" \/>\n<meta property=\"og:title\" content=\"Recherche - UMF Cluj\" \/>\n<meta property=\"og:description\" content=\"La recherche scientifique est l&rsquo;une des missions assum\u00e9es par la Charte de l&rsquo;Universit\u00e9 de M\u00e9decine et de Pharmacie Iuliu Ha\u021bieganu. Des activit\u00e9s de recherche sont men\u00e9es dans tous les d\u00e9partements et services de notre universit\u00e9, le soutien financier \u00e9tant assur\u00e9, dans une large mesure, par des bourses ou des contrats de recherche. L&rsquo;effort exceptionnel du [&hellip;]\" \/>\n<meta property=\"og:url\" content=\"https:\/\/s1.umfcluj.cupo.ro\/fr\/recherche\/\" \/>\n<meta property=\"og:site_name\" content=\"UMF Cluj\" \/>\n<meta property=\"article:modified_time\" content=\"2024-04-30T08:10:45+00:00\" \/>\n<meta property=\"og:image\" content=\"https:\/\/s1.umfcluj.cupo.ro\/wp-content\/uploads\/2022\/04\/Header-Cercetaremicrobiologist-doctor-taking-blood-sample-tube-from-rack-with-machines-analysis-lab-background-1.jpg\" \/>\n\t<meta property=\"og:image:width\" content=\"1300\" \/>\n\t<meta property=\"og:image:height\" content=\"731\" \/>\n\t<meta property=\"og:image:type\" content=\"image\/jpeg\" \/>\n<meta name=\"twitter:card\" content=\"summary_large_image\" \/>\n<meta name=\"twitter:label1\" content=\"Dur\u00e9e de lecture estim\u00e9e\" \/>\n\t<meta name=\"twitter:data1\" content=\"1 minute\" \/>\n<script type=\"application\/ld+json\" class=\"yoast-schema-graph\">{\"@context\":\"https:\/\/schema.org\",\"@graph\":[{\"@type\":\"WebPage\",\"@id\":\"https:\/\/s1.umfcluj.cupo.ro\/fr\/recherche\/\",\"url\":\"https:\/\/s1.umfcluj.cupo.ro\/fr\/recherche\/\",\"name\":\"Recherche - UMF Cluj\",\"isPartOf\":{\"@id\":\"https:\/\/s1.umfcluj.cupo.ro\/fr\/#website\"},\"primaryImageOfPage\":{\"@id\":\"https:\/\/s1.umfcluj.cupo.ro\/fr\/recherche\/#primaryimage\"},\"image\":{\"@id\":\"https:\/\/s1.umfcluj.cupo.ro\/fr\/recherche\/#primaryimage\"},\"thumbnailUrl\":\"https:\/\/s1.umfcluj.cupo.ro\/wp-content\/uploads\/2022\/04\/Header-Cercetaremicrobiologist-doctor-taking-blood-sample-tube-from-rack-with-machines-analysis-lab-background-1.jpg\",\"datePublished\":\"2021-09-22T02:48:22+00:00\",\"dateModified\":\"2024-04-30T08:10:45+00:00\",\"breadcrumb\":{\"@id\":\"https:\/\/s1.umfcluj.cupo.ro\/fr\/recherche\/#breadcrumb\"},\"inLanguage\":\"fr-FR\",\"potentialAction\":[{\"@type\":\"ReadAction\",\"target\":[\"https:\/\/s1.umfcluj.cupo.ro\/fr\/recherche\/\"]}]},{\"@type\":\"ImageObject\",\"inLanguage\":\"fr-FR\",\"@id\":\"https:\/\/s1.umfcluj.cupo.ro\/fr\/recherche\/#primaryimage\",\"url\":\"https:\/\/s1.umfcluj.cupo.ro\/wp-content\/uploads\/2022\/04\/Header-Cercetaremicrobiologist-doctor-taking-blood-sample-tube-from-rack-with-machines-analysis-lab-background-1.jpg\",\"contentUrl\":\"https:\/\/s1.umfcluj.cupo.ro\/wp-content\/uploads\/2022\/04\/Header-Cercetaremicrobiologist-doctor-taking-blood-sample-tube-from-rack-with-machines-analysis-lab-background-1.jpg\",\"width\":1300,\"height\":731,\"caption\":\"Microbiologist doctor taking a blood sample tube from rack with machines of analysis in the lab background. Doctors examining vaccine evolution using high tech researching diagnosis against covid19\"},{\"@type\":\"BreadcrumbList\",\"@id\":\"https:\/\/s1.umfcluj.cupo.ro\/fr\/recherche\/#breadcrumb\",\"itemListElement\":[{\"@type\":\"ListItem\",\"position\":1,\"name\":\"Accueil\",\"item\":\"https:\/\/s1.umfcluj.cupo.ro\/fr\/\"},{\"@type\":\"ListItem\",\"position\":2,\"name\":\"Recherche\"}]},{\"@type\":\"WebSite\",\"@id\":\"https:\/\/s1.umfcluj.cupo.ro\/fr\/#website\",\"url\":\"https:\/\/s1.umfcluj.cupo.ro\/fr\/\",\"name\":\"UMF Cluj\",\"description\":\"Universitatea de Medicina si Farmacie Iuliu Ha\u021bieganu Cluj Napoca\",\"publisher\":{\"@id\":\"https:\/\/s1.umfcluj.cupo.ro\/fr\/#organization\"},\"potentialAction\":[{\"@type\":\"SearchAction\",\"target\":{\"@type\":\"EntryPoint\",\"urlTemplate\":\"https:\/\/s1.umfcluj.cupo.ro\/fr\/?s={search_term_string}\"},\"query-input\":{\"@type\":\"PropertyValueSpecification\",\"valueRequired\":true,\"valueName\":\"search_term_string\"}}],\"inLanguage\":\"fr-FR\"},{\"@type\":\"Organization\",\"@id\":\"https:\/\/s1.umfcluj.cupo.ro\/fr\/#organization\",\"name\":\"UMF Cluj\",\"url\":\"https:\/\/s1.umfcluj.cupo.ro\/fr\/\",\"logo\":{\"@type\":\"ImageObject\",\"inLanguage\":\"fr-FR\",\"@id\":\"https:\/\/s1.umfcluj.cupo.ro\/fr\/#\/schema\/logo\/image\/\",\"url\":\"https:\/\/s1.umfcluj.cupo.ro\/wp-content\/uploads\/2021\/05\/logo-umfcluj.svg\",\"contentUrl\":\"https:\/\/s1.umfcluj.cupo.ro\/wp-content\/uploads\/2021\/05\/logo-umfcluj.svg\",\"width\":170,\"height\":77,\"caption\":\"UMF Cluj\"},\"image\":{\"@id\":\"https:\/\/s1.umfcluj.cupo.ro\/fr\/#\/schema\/logo\/image\/\"}}]}<\/script>\n<!-- \/ Yoast SEO plugin. -->","yoast_head_json":{"title":"Recherche - UMF Cluj","robots":{"index":"noindex","follow":"follow","max-snippet":"max-snippet:-1","max-image-preview":"max-image-preview:large","max-video-preview":"max-video-preview:-1"},"og_locale":"fr_FR","og_type":"article","og_title":"Recherche - UMF Cluj","og_description":"La recherche scientifique est l&rsquo;une des missions assum\u00e9es par la Charte de l&rsquo;Universit\u00e9 de M\u00e9decine et de Pharmacie Iuliu Ha\u021bieganu. Des activit\u00e9s de recherche sont men\u00e9es dans tous les d\u00e9partements et services de notre universit\u00e9, le soutien financier \u00e9tant assur\u00e9, dans une large mesure, par des bourses ou des contrats de recherche. L&rsquo;effort exceptionnel du [&hellip;]","og_url":"https:\/\/s1.umfcluj.cupo.ro\/fr\/recherche\/","og_site_name":"UMF Cluj","article_modified_time":"2024-04-30T08:10:45+00:00","og_image":[{"width":1300,"height":731,"url":"https:\/\/s1.umfcluj.cupo.ro\/wp-content\/uploads\/2022\/04\/Header-Cercetaremicrobiologist-doctor-taking-blood-sample-tube-from-rack-with-machines-analysis-lab-background-1.jpg","type":"image\/jpeg"}],"twitter_card":"summary_large_image","twitter_misc":{"Dur\u00e9e de lecture estim\u00e9e":"1 minute"},"schema":{"@context":"https:\/\/schema.org","@graph":[{"@type":"WebPage","@id":"https:\/\/s1.umfcluj.cupo.ro\/fr\/recherche\/","url":"https:\/\/s1.umfcluj.cupo.ro\/fr\/recherche\/","name":"Recherche - UMF Cluj","isPartOf":{"@id":"https:\/\/s1.umfcluj.cupo.ro\/fr\/#website"},"primaryImageOfPage":{"@id":"https:\/\/s1.umfcluj.cupo.ro\/fr\/recherche\/#primaryimage"},"image":{"@id":"https:\/\/s1.umfcluj.cupo.ro\/fr\/recherche\/#primaryimage"},"thumbnailUrl":"https:\/\/s1.umfcluj.cupo.ro\/wp-content\/uploads\/2022\/04\/Header-Cercetaremicrobiologist-doctor-taking-blood-sample-tube-from-rack-with-machines-analysis-lab-background-1.jpg","datePublished":"2021-09-22T02:48:22+00:00","dateModified":"2024-04-30T08:10:45+00:00","breadcrumb":{"@id":"https:\/\/s1.umfcluj.cupo.ro\/fr\/recherche\/#breadcrumb"},"inLanguage":"fr-FR","potentialAction":[{"@type":"ReadAction","target":["https:\/\/s1.umfcluj.cupo.ro\/fr\/recherche\/"]}]},{"@type":"ImageObject","inLanguage":"fr-FR","@id":"https:\/\/s1.umfcluj.cupo.ro\/fr\/recherche\/#primaryimage","url":"https:\/\/s1.umfcluj.cupo.ro\/wp-content\/uploads\/2022\/04\/Header-Cercetaremicrobiologist-doctor-taking-blood-sample-tube-from-rack-with-machines-analysis-lab-background-1.jpg","contentUrl":"https:\/\/s1.umfcluj.cupo.ro\/wp-content\/uploads\/2022\/04\/Header-Cercetaremicrobiologist-doctor-taking-blood-sample-tube-from-rack-with-machines-analysis-lab-background-1.jpg","width":1300,"height":731,"caption":"Microbiologist doctor taking a blood sample tube from rack with machines of analysis in the lab background. Doctors examining vaccine evolution using high tech researching diagnosis against covid19"},{"@type":"BreadcrumbList","@id":"https:\/\/s1.umfcluj.cupo.ro\/fr\/recherche\/#breadcrumb","itemListElement":[{"@type":"ListItem","position":1,"name":"Accueil","item":"https:\/\/s1.umfcluj.cupo.ro\/fr\/"},{"@type":"ListItem","position":2,"name":"Recherche"}]},{"@type":"WebSite","@id":"https:\/\/s1.umfcluj.cupo.ro\/fr\/#website","url":"https:\/\/s1.umfcluj.cupo.ro\/fr\/","name":"UMF Cluj","description":"Universitatea de Medicina si Farmacie Iuliu Ha\u021bieganu Cluj Napoca","publisher":{"@id":"https:\/\/s1.umfcluj.cupo.ro\/fr\/#organization"},"potentialAction":[{"@type":"SearchAction","target":{"@type":"EntryPoint","urlTemplate":"https:\/\/s1.umfcluj.cupo.ro\/fr\/?s={search_term_string}"},"query-input":{"@type":"PropertyValueSpecification","valueRequired":true,"valueName":"search_term_string"}}],"inLanguage":"fr-FR"},{"@type":"Organization","@id":"https:\/\/s1.umfcluj.cupo.ro\/fr\/#organization","name":"UMF Cluj","url":"https:\/\/s1.umfcluj.cupo.ro\/fr\/","logo":{"@type":"ImageObject","inLanguage":"fr-FR","@id":"https:\/\/s1.umfcluj.cupo.ro\/fr\/#\/schema\/logo\/image\/","url":"https:\/\/s1.umfcluj.cupo.ro\/wp-content\/uploads\/2021\/05\/logo-umfcluj.svg","contentUrl":"https:\/\/s1.umfcluj.cupo.ro\/wp-content\/uploads\/2021\/05\/logo-umfcluj.svg","width":170,"height":77,"caption":"UMF Cluj"},"image":{"@id":"https:\/\/s1.umfcluj.cupo.ro\/fr\/#\/schema\/logo\/image\/"}}]}},"_links":{"self":[{"href":"https:\/\/s1.umfcluj.cupo.ro\/fr\/wp-json\/wp\/v2\/pages\/43924","targetHints":{"allow":["GET"]}}],"collection":[{"href":"https:\/\/s1.umfcluj.cupo.ro\/fr\/wp-json\/wp\/v2\/pages"}],"about":[{"href":"https:\/\/s1.umfcluj.cupo.ro\/fr\/wp-json\/wp\/v2\/types\/page"}],"author":[{"embeddable":true,"href":"https:\/\/s1.umfcluj.cupo.ro\/fr\/wp-json\/wp\/v2\/users\/1"}],"replies":[{"embeddable":true,"href":"https:\/\/s1.umfcluj.cupo.ro\/fr\/wp-json\/wp\/v2\/comments?post=43924"}],"version-history":[{"count":2,"href":"https:\/\/s1.umfcluj.cupo.ro\/fr\/wp-json\/wp\/v2\/pages\/43924\/revisions"}],"predecessor-version":[{"id":50537,"href":"https:\/\/s1.umfcluj.cupo.ro\/fr\/wp-json\/wp\/v2\/pages\/43924\/revisions\/50537"}],"wp:featuredmedia":[{"embeddable":true,"href":"https:\/\/s1.umfcluj.cupo.ro\/fr\/wp-json\/wp\/v2\/media\/33709"}],"wp:attachment":[{"href":"https:\/\/s1.umfcluj.cupo.ro\/fr\/wp-json\/wp\/v2\/media?parent=43924"}],"curies":[{"name":"wp","href":"https:\/\/api.w.org\/{rel}","templated":true}]}}